{"id":558,"date":"2025-11-03T19:55:01","date_gmt":"2025-11-03T19:55:01","guid":{"rendered":"https:\/\/cabocloshousecolodge.com\/expedicoescommerce\/?post_type=product&#038;p=558"},"modified":"2026-04-01T13:40:38","modified_gmt":"2026-04-01T13:40:38","slug":"amazen-maternidade-e-alem","status":"publish","type":"product","link":"https:\/\/cabocloshousecolodge.com\/expedicoes\/amazen-maternidade-e-alem\/","title":{"rendered":"Amazen Maternidade e Al\u00e9m"},"content":{"rendered":"<p style=\"text-align: center;\">M\u00e3e, voc\u00ea precisa de um espa\u00e7o seguro e um tempo leve para si? Vem c\u00e1.<\/p>\n<p style=\"text-align: center;\">Uma viv\u00eancia na Amaz\u00f4nia, guiada por mulheres ribeirinhas, sob o ritmo em que a Floresta flui.<\/p>\n<p style=\"text-align: center;\">Uma edi\u00e7\u00e3o especial m\u00e3es em busca de inspira\u00e7\u00e3o e um tempo s\u00f3 seu.<\/p>\n<p style=\"text-align: center;\">Al\u00e9m de mergulhar na Amaz\u00f4nia, este encontro convida a viver a maternidade com mais leveza: cuidar de si sem culpa e se inspirar nas hist\u00f3rias de mulheres ribeirinhas que tamb\u00e9m s\u00e3o m\u00e3es.<\/p>\n","protected":false},"excerpt":{"rendered":"<p>M\u00e3e, voc\u00ea precisa de um espa\u00e7o seguro e um tempo leve para si? Vem c\u00e1. Uma viv\u00eancia na Amaz\u00f4nia, guiada por mulheres ribeirinhas, sob o ritmo em que a Floresta flui. Uma edi\u00e7\u00e3o especial m\u00e3es em busca de inspira\u00e7\u00e3o e um tempo s\u00f3 seu. Al\u00e9m de mergulhar na Amaz\u00f4nia, este encontro convida a viver a &hellip; <a href=\"https:\/\/cabocloshousecolodge.com\/expedicoes\/amazen-maternidade-e-alem\/\" class=\"more-link\">Continuar lendo <span class=\"screen-reader-text\">Amazen Maternidade e Al\u00e9m<\/span><\/a><\/p>\n","protected":false},"featured_media":462,"template":"","meta":{"_acf_changed":false},"product_brand":[],"product_cat":[15],"product_tag":[],"class_list":{"0":"post-558","1":"product","2":"type-product","3":"status-publish","4":"has-post-thumbnail","6":"product_cat-sem-categoria","8":"first","9":"instock","10":"shipping-taxable","11":"purchasable","12":"product-type-variable"},"acf":[],"yoast_head":"<!-- This site is optimized with the Yoast SEO plugin v27.2 - https:\/\/yoast.com\/product\/yoast-seo-wordpress\/ -->\n<title>Amazen Maternidade e Al\u00e9m | Viv\u00eancia na Amaz\u00f4nia<\/title>\n<meta name=\"description\" content=\"M\u00e3e, voc\u00ea precisa de um tempo s\u00f3 seu? Uma viv\u00eancia na Amaz\u00f4nia especial para m\u00e3es, sob o ritmo em que a Floresta flui. Setembro de 2026.\" \/>\n<meta name=\"robots\" content=\"index, follow, max-snippet:-1, max-image-preview:large, max-video-preview:-1\" \/>\n<link rel=\"canonical\" href=\"https:\/\/cabocloshousecolodge.com\/expedicoes\/amazen-maternidade-e-alem\/\" \/>\n<meta property=\"og:locale\" content=\"pt_BR\" \/>\n<meta property=\"og:type\" content=\"article\" \/>\n<meta property=\"og:title\" content=\"Amazen Maternidade e Al\u00e9m | Viv\u00eancia na Amaz\u00f4nia\" \/>\n<meta property=\"og:description\" content=\"M\u00e3e, voc\u00ea precisa de um tempo s\u00f3 seu? Uma viv\u00eancia na Amaz\u00f4nia especial para m\u00e3es, sob o ritmo em que a Floresta flui. Setembro de 2026.\" \/>\n<meta property=\"og:url\" content=\"https:\/\/cabocloshousecolodge.com\/expedicoes\/amazen-maternidade-e-alem\/\" \/>\n<meta property=\"og:site_name\" content=\"Ecommerce Caboclo\" \/>\n<meta property=\"article:modified_time\" content=\"2026-04-01T13:40:38+00:00\" \/>\n<meta property=\"og:image\" content=\"https:\/\/cabocloshousecolodge.com\/expedicoes\/wp-content\/uploads\/2025\/11\/2.png\" \/>\n\t<meta property=\"og:image:width\" content=\"440\" \/>\n\t<meta property=\"og:image:height\" content=\"440\" \/>\n\t<meta property=\"og:image:type\" content=\"image\/png\" \/>\n<meta name=\"twitter:card\" content=\"summary_large_image\" \/>\n<meta name=\"twitter:label1\" content=\"Est. tempo de leitura\" \/>\n\t<meta name=\"twitter:data1\" content=\"1 minuto\" \/>\n<script type=\"application\/ld+json\" class=\"yoast-schema-graph\">{\"@context\":\"https:\/\/schema.org\",\"@graph\":[{\"@type\":\"WebPage\",\"@id\":\"https:\/\/cabocloshousecolodge.com\/expedicoes\/amazen-maternidade-e-alem\/\",\"url\":\"https:\/\/cabocloshousecolodge.com\/expedicoes\/amazen-maternidade-e-alem\/\",\"name\":\"Amazen Maternidade e Al\u00e9m | Viv\u00eancia na Amaz\u00f4nia\",\"isPartOf\":{\"@id\":\"https:\/\/cabocloshousecolodge.com\/expedicoes\/#website\"},\"primaryImageOfPage\":{\"@id\":\"https:\/\/cabocloshousecolodge.com\/expedicoes\/amazen-maternidade-e-alem\/#primaryimage\"},\"image\":{\"@id\":\"https:\/\/cabocloshousecolodge.com\/expedicoes\/amazen-maternidade-e-alem\/#primaryimage\"},\"thumbnailUrl\":\"https:\/\/cabocloshousecolodge.com\/expedicoes\/wp-content\/uploads\/2025\/11\/2.png\",\"datePublished\":\"2025-11-03T19:55:01+00:00\",\"dateModified\":\"2026-04-01T13:40:38+00:00\",\"description\":\"M\u00e3e, voc\u00ea precisa de um tempo s\u00f3 seu? Uma viv\u00eancia na Amaz\u00f4nia especial para m\u00e3es, sob o ritmo em que a Floresta flui. Setembro de 2026.\",\"breadcrumb\":{\"@id\":\"https:\/\/cabocloshousecolodge.com\/expedicoes\/amazen-maternidade-e-alem\/#breadcrumb\"},\"inLanguage\":\"pt-BR\",\"potentialAction\":[{\"@type\":\"ReadAction\",\"target\":[\"https:\/\/cabocloshousecolodge.com\/expedicoes\/amazen-maternidade-e-alem\/\"]}]},{\"@type\":\"ImageObject\",\"inLanguage\":\"pt-BR\",\"@id\":\"https:\/\/cabocloshousecolodge.com\/expedicoes\/amazen-maternidade-e-alem\/#primaryimage\",\"url\":\"https:\/\/cabocloshousecolodge.com\/expedicoes\/wp-content\/uploads\/2025\/11\/2.png\",\"contentUrl\":\"https:\/\/cabocloshousecolodge.com\/expedicoes\/wp-content\/uploads\/2025\/11\/2.png\",\"width\":440,\"height\":440},{\"@type\":\"BreadcrumbList\",\"@id\":\"https:\/\/cabocloshousecolodge.com\/expedicoes\/amazen-maternidade-e-alem\/#breadcrumb\",\"itemListElement\":[{\"@type\":\"ListItem\",\"position\":1,\"name\":\"Home\",\"item\":\"https:\/\/cabocloshousecolodge.com\/expedicoes\/\"},{\"@type\":\"ListItem\",\"position\":2,\"name\":\"Loja\",\"item\":\"https:\/\/cabocloshousecolodge.com\/expedicoes\/loja\/\"},{\"@type\":\"ListItem\",\"position\":3,\"name\":\"Amazen Maternidade e Al\u00e9m\"}]},{\"@type\":\"WebSite\",\"@id\":\"https:\/\/cabocloshousecolodge.com\/expedicoes\/#website\",\"url\":\"https:\/\/cabocloshousecolodge.com\/expedicoes\/\",\"name\":\"Ecommerce Caboclo\",\"description\":\"\",\"potentialAction\":[{\"@type\":\"SearchAction\",\"target\":{\"@type\":\"EntryPoint\",\"urlTemplate\":\"https:\/\/cabocloshousecolodge.com\/expedicoes\/?s={search_term_string}\"},\"query-input\":{\"@type\":\"PropertyValueSpecification\",\"valueRequired\":true,\"valueName\":\"search_term_string\"}}],\"inLanguage\":\"pt-BR\"}]}<\/script>\n<!-- \/ Yoast SEO plugin. -->","yoast_head_json":{"title":"Amazen Maternidade e Al\u00e9m | Viv\u00eancia na Amaz\u00f4nia","description":"M\u00e3e, voc\u00ea precisa de um tempo s\u00f3 seu? Uma viv\u00eancia na Amaz\u00f4nia especial para m\u00e3es, sob o ritmo em que a Floresta flui. Setembro de 2026.","robots":{"index":"index","follow":"follow","max-snippet":"max-snippet:-1","max-image-preview":"max-image-preview:large","max-video-preview":"max-video-preview:-1"},"canonical":"https:\/\/cabocloshousecolodge.com\/expedicoes\/amazen-maternidade-e-alem\/","og_locale":"pt_BR","og_type":"article","og_title":"Amazen Maternidade e Al\u00e9m | Viv\u00eancia na Amaz\u00f4nia","og_description":"M\u00e3e, voc\u00ea precisa de um tempo s\u00f3 seu? Uma viv\u00eancia na Amaz\u00f4nia especial para m\u00e3es, sob o ritmo em que a Floresta flui. Setembro de 2026.","og_url":"https:\/\/cabocloshousecolodge.com\/expedicoes\/amazen-maternidade-e-alem\/","og_site_name":"Ecommerce Caboclo","article_modified_time":"2026-04-01T13:40:38+00:00","og_image":[{"width":440,"height":440,"url":"https:\/\/cabocloshousecolodge.com\/expedicoes\/wp-content\/uploads\/2025\/11\/2.png","type":"image\/png"}],"twitter_card":"summary_large_image","twitter_misc":{"Est. tempo de leitura":"1 minuto"},"schema":{"@context":"https:\/\/schema.org","@graph":[{"@type":"WebPage","@id":"https:\/\/cabocloshousecolodge.com\/expedicoes\/amazen-maternidade-e-alem\/","url":"https:\/\/cabocloshousecolodge.com\/expedicoes\/amazen-maternidade-e-alem\/","name":"Amazen Maternidade e Al\u00e9m | Viv\u00eancia na Amaz\u00f4nia","isPartOf":{"@id":"https:\/\/cabocloshousecolodge.com\/expedicoes\/#website"},"primaryImageOfPage":{"@id":"https:\/\/cabocloshousecolodge.com\/expedicoes\/amazen-maternidade-e-alem\/#primaryimage"},"image":{"@id":"https:\/\/cabocloshousecolodge.com\/expedicoes\/amazen-maternidade-e-alem\/#primaryimage"},"thumbnailUrl":"https:\/\/cabocloshousecolodge.com\/expedicoes\/wp-content\/uploads\/2025\/11\/2.png","datePublished":"2025-11-03T19:55:01+00:00","dateModified":"2026-04-01T13:40:38+00:00","description":"M\u00e3e, voc\u00ea precisa de um tempo s\u00f3 seu? Uma viv\u00eancia na Amaz\u00f4nia especial para m\u00e3es, sob o ritmo em que a Floresta flui. Setembro de 2026.","breadcrumb":{"@id":"https:\/\/cabocloshousecolodge.com\/expedicoes\/amazen-maternidade-e-alem\/#breadcrumb"},"inLanguage":"pt-BR","potentialAction":[{"@type":"ReadAction","target":["https:\/\/cabocloshousecolodge.com\/expedicoes\/amazen-maternidade-e-alem\/"]}]},{"@type":"ImageObject","inLanguage":"pt-BR","@id":"https:\/\/cabocloshousecolodge.com\/expedicoes\/amazen-maternidade-e-alem\/#primaryimage","url":"https:\/\/cabocloshousecolodge.com\/expedicoes\/wp-content\/uploads\/2025\/11\/2.png","contentUrl":"https:\/\/cabocloshousecolodge.com\/expedicoes\/wp-content\/uploads\/2025\/11\/2.png","width":440,"height":440},{"@type":"BreadcrumbList","@id":"https:\/\/cabocloshousecolodge.com\/expedicoes\/amazen-maternidade-e-alem\/#breadcrumb","itemListElement":[{"@type":"ListItem","position":1,"name":"Home","item":"https:\/\/cabocloshousecolodge.com\/expedicoes\/"},{"@type":"ListItem","position":2,"name":"Loja","item":"https:\/\/cabocloshousecolodge.com\/expedicoes\/loja\/"},{"@type":"ListItem","position":3,"name":"Amazen Maternidade e Al\u00e9m"}]},{"@type":"WebSite","@id":"https:\/\/cabocloshousecolodge.com\/expedicoes\/#website","url":"https:\/\/cabocloshousecolodge.com\/expedicoes\/","name":"Ecommerce Caboclo","description":"","potentialAction":[{"@type":"SearchAction","target":{"@type":"EntryPoint","urlTemplate":"https:\/\/cabocloshousecolodge.com\/expedicoes\/?s={search_term_string}"},"query-input":{"@type":"PropertyValueSpecification","valueRequired":true,"valueName":"search_term_string"}}],"inLanguage":"pt-BR"}]}},"_links":{"self":[{"href":"https:\/\/cabocloshousecolodge.com\/expedicoes\/wp-json\/wp\/v2\/product\/558","targetHints":{"allow":["GET"]}}],"collection":[{"href":"https:\/\/cabocloshousecolodge.com\/expedicoes\/wp-json\/wp\/v2\/product"}],"about":[{"href":"https:\/\/cabocloshousecolodge.com\/expedicoes\/wp-json\/wp\/v2\/types\/product"}],"wp:featuredmedia":[{"embeddable":true,"href":"https:\/\/cabocloshousecolodge.com\/expedicoes\/wp-json\/wp\/v2\/media\/462"}],"wp:attachment":[{"href":"https:\/\/cabocloshousecolodge.com\/expedicoes\/wp-json\/wp\/v2\/media?parent=558"}],"wp:term":[{"taxonomy":"product_brand","embeddable":true,"href":"https:\/\/cabocloshousecolodge.com\/expedicoes\/wp-json\/wp\/v2\/product_brand?post=558"},{"taxonomy":"product_cat","embeddable":true,"href":"https:\/\/cabocloshousecolodge.com\/expedicoes\/wp-json\/wp\/v2\/product_cat?post=558"},{"taxonomy":"product_tag","embeddable":true,"href":"https:\/\/cabocloshousecolodge.com\/expedicoes\/wp-json\/wp\/v2\/product_tag?post=558"}],"curies":[{"name":"wp","href":"https:\/\/api.w.org\/{rel}","templated":true}]}}