{"id":553,"date":"2025-11-03T19:50:16","date_gmt":"2025-11-03T19:50:16","guid":{"rendered":"https:\/\/cabocloshousecolodge.com\/expedicoescommerce\/?post_type=product&#038;p=553"},"modified":"2026-03-09T19:42:33","modified_gmt":"2026-03-09T19:42:33","slug":"amazen-elementar","status":"publish","type":"product","link":"https:\/\/cabocloshousecolodge.com\/expedicoes\/amazen-elementar\/","title":{"rendered":"Amazen Elementar"},"content":{"rendered":"<p style=\"text-align: center;\">Uma viv\u00eancia na Amaz\u00f4nia que reconecta corpo e natureza.<br \/>\nUm\u00a0\u00a0retorno ao simples que sustenta a vida.<\/p>\n<p style=\"text-align: center;\">A Amazen Elementar nasceu em 2020, como um chamado da Floresta pra lembrar o que \u00e9 essencial. Para nossa equipe condutora, foi um reencontro com a sabedoria ancestral que pedia passagem, e uma reafirma\u00e7\u00e3o do nosso protagonismo.<\/p>\n<p style=\"text-align: center;\">Esperamos que como n\u00f3s, essa viv\u00eancia seja para voc\u00ea um retorno \u00e0s ra\u00edzes, ao pertencimento, \u00e0 verdade de que o bem estar \u00e9 coletivo.<\/p>\n","protected":false},"excerpt":{"rendered":"<p>Uma viv\u00eancia na Amaz\u00f4nia que reconecta corpo e natureza. Um\u00a0\u00a0retorno ao simples que sustenta a vida. A Amazen Elementar nasceu em 2020, como um chamado da Floresta pra lembrar o que \u00e9 essencial. Para nossa equipe condutora, foi um reencontro com a sabedoria ancestral que pedia passagem, e uma reafirma\u00e7\u00e3o do nosso protagonismo. Esperamos que &hellip; <a href=\"https:\/\/cabocloshousecolodge.com\/expedicoes\/amazen-elementar\/\" class=\"more-link\">Continuar lendo <span class=\"screen-reader-text\">Amazen Elementar<\/span><\/a><\/p>\n","protected":false},"featured_media":485,"template":"","meta":{"_acf_changed":false},"product_brand":[],"product_cat":[15],"product_tag":[],"class_list":{"0":"post-553","1":"product","2":"type-product","3":"status-publish","4":"has-post-thumbnail","6":"product_cat-sem-categoria","8":"first","9":"instock","10":"shipping-taxable","11":"purchasable","12":"product-type-variable"},"acf":[],"yoast_head":"<!-- This site is optimized with the Yoast SEO plugin v27.2 - https:\/\/yoast.com\/product\/yoast-seo-wordpress\/ -->\n<title>Amazen Elementar | Viv\u00eancia na Amaz\u00f4nia| 4 a 8 de Mar\u00e7o<\/title>\n<meta name=\"description\" content=\"Isso n\u00e3o \u00e9 um retiro. Boas vindas \u00e0 Amazen: uma viv\u00eancia na Amaz\u00f4nia, guiada por mulheres ribeirinhas, sob o ritmo em que Floresta flui.\" \/>\n<meta name=\"robots\" content=\"index, follow, max-snippet:-1, max-image-preview:large, max-video-preview:-1\" \/>\n<link rel=\"canonical\" href=\"https:\/\/cabocloshousecolodge.com\/expedicoes\/amazen-elementar\/\" \/>\n<meta property=\"og:locale\" content=\"pt_BR\" \/>\n<meta property=\"og:type\" content=\"article\" \/>\n<meta property=\"og:title\" content=\"Amazen Elementar | Viv\u00eancia na Amaz\u00f4nia| 4 a 8 de Mar\u00e7o\" \/>\n<meta property=\"og:description\" content=\"Isso n\u00e3o \u00e9 um retiro. Boas vindas \u00e0 Amazen: uma viv\u00eancia na Amaz\u00f4nia, guiada por mulheres ribeirinhas, sob o ritmo em que Floresta flui.\" \/>\n<meta property=\"og:url\" content=\"https:\/\/cabocloshousecolodge.com\/expedicoes\/amazen-elementar\/\" \/>\n<meta property=\"og:site_name\" content=\"Ecommerce Caboclo\" \/>\n<meta property=\"article:modified_time\" content=\"2026-03-09T19:42:33+00:00\" \/>\n<meta property=\"og:image\" content=\"https:\/\/cabocloshousecolodge.com\/expedicoes\/wp-content\/uploads\/2025\/10\/1.png\" \/>\n\t<meta property=\"og:image:width\" content=\"440\" \/>\n\t<meta property=\"og:image:height\" content=\"440\" \/>\n\t<meta property=\"og:image:type\" content=\"image\/png\" \/>\n<meta name=\"twitter:card\" content=\"summary_large_image\" \/>\n<meta name=\"twitter:label1\" content=\"Est. tempo de leitura\" \/>\n\t<meta name=\"twitter:data1\" content=\"1 minuto\" \/>\n<script type=\"application\/ld+json\" class=\"yoast-schema-graph\">{\"@context\":\"https:\/\/schema.org\",\"@graph\":[{\"@type\":\"WebPage\",\"@id\":\"https:\/\/cabocloshousecolodge.com\/expedicoes\/amazen-elementar\/\",\"url\":\"https:\/\/cabocloshousecolodge.com\/expedicoes\/amazen-elementar\/\",\"name\":\"Amazen Elementar | Viv\u00eancia na Amaz\u00f4nia| 4 a 8 de Mar\u00e7o\",\"isPartOf\":{\"@id\":\"https:\/\/cabocloshousecolodge.com\/expedicoes\/#website\"},\"primaryImageOfPage\":{\"@id\":\"https:\/\/cabocloshousecolodge.com\/expedicoes\/amazen-elementar\/#primaryimage\"},\"image\":{\"@id\":\"https:\/\/cabocloshousecolodge.com\/expedicoes\/amazen-elementar\/#primaryimage\"},\"thumbnailUrl\":\"https:\/\/cabocloshousecolodge.com\/expedicoes\/wp-content\/uploads\/2025\/10\/1.png\",\"datePublished\":\"2025-11-03T19:50:16+00:00\",\"dateModified\":\"2026-03-09T19:42:33+00:00\",\"description\":\"Isso n\u00e3o \u00e9 um retiro. Boas vindas \u00e0 Amazen: uma viv\u00eancia na Amaz\u00f4nia, guiada por mulheres ribeirinhas, sob o ritmo em que Floresta flui.\",\"breadcrumb\":{\"@id\":\"https:\/\/cabocloshousecolodge.com\/expedicoes\/amazen-elementar\/#breadcrumb\"},\"inLanguage\":\"pt-BR\",\"potentialAction\":[{\"@type\":\"ReadAction\",\"target\":[\"https:\/\/cabocloshousecolodge.com\/expedicoes\/amazen-elementar\/\"]}]},{\"@type\":\"ImageObject\",\"inLanguage\":\"pt-BR\",\"@id\":\"https:\/\/cabocloshousecolodge.com\/expedicoes\/amazen-elementar\/#primaryimage\",\"url\":\"https:\/\/cabocloshousecolodge.com\/expedicoes\/wp-content\/uploads\/2025\/10\/1.png\",\"contentUrl\":\"https:\/\/cabocloshousecolodge.com\/expedicoes\/wp-content\/uploads\/2025\/10\/1.png\",\"width\":440,\"height\":440},{\"@type\":\"BreadcrumbList\",\"@id\":\"https:\/\/cabocloshousecolodge.com\/expedicoes\/amazen-elementar\/#breadcrumb\",\"itemListElement\":[{\"@type\":\"ListItem\",\"position\":1,\"name\":\"Home\",\"item\":\"https:\/\/cabocloshousecolodge.com\/expedicoes\/\"},{\"@type\":\"ListItem\",\"position\":2,\"name\":\"Loja\",\"item\":\"https:\/\/cabocloshousecolodge.com\/expedicoes\/loja\/\"},{\"@type\":\"ListItem\",\"position\":3,\"name\":\"Amazen Elementar\"}]},{\"@type\":\"WebSite\",\"@id\":\"https:\/\/cabocloshousecolodge.com\/expedicoes\/#website\",\"url\":\"https:\/\/cabocloshousecolodge.com\/expedicoes\/\",\"name\":\"Ecommerce Caboclo\",\"description\":\"\",\"potentialAction\":[{\"@type\":\"SearchAction\",\"target\":{\"@type\":\"EntryPoint\",\"urlTemplate\":\"https:\/\/cabocloshousecolodge.com\/expedicoes\/?s={search_term_string}\"},\"query-input\":{\"@type\":\"PropertyValueSpecification\",\"valueRequired\":true,\"valueName\":\"search_term_string\"}}],\"inLanguage\":\"pt-BR\"}]}<\/script>\n<!-- \/ Yoast SEO plugin. -->","yoast_head_json":{"title":"Amazen Elementar | Viv\u00eancia na Amaz\u00f4nia| 4 a 8 de Mar\u00e7o","description":"Isso n\u00e3o \u00e9 um retiro. Boas vindas \u00e0 Amazen: uma viv\u00eancia na Amaz\u00f4nia, guiada por mulheres ribeirinhas, sob o ritmo em que Floresta flui.","robots":{"index":"index","follow":"follow","max-snippet":"max-snippet:-1","max-image-preview":"max-image-preview:large","max-video-preview":"max-video-preview:-1"},"canonical":"https:\/\/cabocloshousecolodge.com\/expedicoes\/amazen-elementar\/","og_locale":"pt_BR","og_type":"article","og_title":"Amazen Elementar | Viv\u00eancia na Amaz\u00f4nia| 4 a 8 de Mar\u00e7o","og_description":"Isso n\u00e3o \u00e9 um retiro. Boas vindas \u00e0 Amazen: uma viv\u00eancia na Amaz\u00f4nia, guiada por mulheres ribeirinhas, sob o ritmo em que Floresta flui.","og_url":"https:\/\/cabocloshousecolodge.com\/expedicoes\/amazen-elementar\/","og_site_name":"Ecommerce Caboclo","article_modified_time":"2026-03-09T19:42:33+00:00","og_image":[{"width":440,"height":440,"url":"https:\/\/cabocloshousecolodge.com\/expedicoes\/wp-content\/uploads\/2025\/10\/1.png","type":"image\/png"}],"twitter_card":"summary_large_image","twitter_misc":{"Est. tempo de leitura":"1 minuto"},"schema":{"@context":"https:\/\/schema.org","@graph":[{"@type":"WebPage","@id":"https:\/\/cabocloshousecolodge.com\/expedicoes\/amazen-elementar\/","url":"https:\/\/cabocloshousecolodge.com\/expedicoes\/amazen-elementar\/","name":"Amazen Elementar | Viv\u00eancia na Amaz\u00f4nia| 4 a 8 de Mar\u00e7o","isPartOf":{"@id":"https:\/\/cabocloshousecolodge.com\/expedicoes\/#website"},"primaryImageOfPage":{"@id":"https:\/\/cabocloshousecolodge.com\/expedicoes\/amazen-elementar\/#primaryimage"},"image":{"@id":"https:\/\/cabocloshousecolodge.com\/expedicoes\/amazen-elementar\/#primaryimage"},"thumbnailUrl":"https:\/\/cabocloshousecolodge.com\/expedicoes\/wp-content\/uploads\/2025\/10\/1.png","datePublished":"2025-11-03T19:50:16+00:00","dateModified":"2026-03-09T19:42:33+00:00","description":"Isso n\u00e3o \u00e9 um retiro. Boas vindas \u00e0 Amazen: uma viv\u00eancia na Amaz\u00f4nia, guiada por mulheres ribeirinhas, sob o ritmo em que Floresta flui.","breadcrumb":{"@id":"https:\/\/cabocloshousecolodge.com\/expedicoes\/amazen-elementar\/#breadcrumb"},"inLanguage":"pt-BR","potentialAction":[{"@type":"ReadAction","target":["https:\/\/cabocloshousecolodge.com\/expedicoes\/amazen-elementar\/"]}]},{"@type":"ImageObject","inLanguage":"pt-BR","@id":"https:\/\/cabocloshousecolodge.com\/expedicoes\/amazen-elementar\/#primaryimage","url":"https:\/\/cabocloshousecolodge.com\/expedicoes\/wp-content\/uploads\/2025\/10\/1.png","contentUrl":"https:\/\/cabocloshousecolodge.com\/expedicoes\/wp-content\/uploads\/2025\/10\/1.png","width":440,"height":440},{"@type":"BreadcrumbList","@id":"https:\/\/cabocloshousecolodge.com\/expedicoes\/amazen-elementar\/#breadcrumb","itemListElement":[{"@type":"ListItem","position":1,"name":"Home","item":"https:\/\/cabocloshousecolodge.com\/expedicoes\/"},{"@type":"ListItem","position":2,"name":"Loja","item":"https:\/\/cabocloshousecolodge.com\/expedicoes\/loja\/"},{"@type":"ListItem","position":3,"name":"Amazen Elementar"}]},{"@type":"WebSite","@id":"https:\/\/cabocloshousecolodge.com\/expedicoes\/#website","url":"https:\/\/cabocloshousecolodge.com\/expedicoes\/","name":"Ecommerce Caboclo","description":"","potentialAction":[{"@type":"SearchAction","target":{"@type":"EntryPoint","urlTemplate":"https:\/\/cabocloshousecolodge.com\/expedicoes\/?s={search_term_string}"},"query-input":{"@type":"PropertyValueSpecification","valueRequired":true,"valueName":"search_term_string"}}],"inLanguage":"pt-BR"}]}},"_links":{"self":[{"href":"https:\/\/cabocloshousecolodge.com\/expedicoes\/wp-json\/wp\/v2\/product\/553","targetHints":{"allow":["GET"]}}],"collection":[{"href":"https:\/\/cabocloshousecolodge.com\/expedicoes\/wp-json\/wp\/v2\/product"}],"about":[{"href":"https:\/\/cabocloshousecolodge.com\/expedicoes\/wp-json\/wp\/v2\/types\/product"}],"wp:featuredmedia":[{"embeddable":true,"href":"https:\/\/cabocloshousecolodge.com\/expedicoes\/wp-json\/wp\/v2\/media\/485"}],"wp:attachment":[{"href":"https:\/\/cabocloshousecolodge.com\/expedicoes\/wp-json\/wp\/v2\/media?parent=553"}],"wp:term":[{"taxonomy":"product_brand","embeddable":true,"href":"https:\/\/cabocloshousecolodge.com\/expedicoes\/wp-json\/wp\/v2\/product_brand?post=553"},{"taxonomy":"product_cat","embeddable":true,"href":"https:\/\/cabocloshousecolodge.com\/expedicoes\/wp-json\/wp\/v2\/product_cat?post=553"},{"taxonomy":"product_tag","embeddable":true,"href":"https:\/\/cabocloshousecolodge.com\/expedicoes\/wp-json\/wp\/v2\/product_tag?post=553"}],"curies":[{"name":"wp","href":"https:\/\/api.w.org\/{rel}","templated":true}]}}