{"id":543,"date":"2025-11-03T19:29:31","date_gmt":"2025-11-03T19:29:31","guid":{"rendered":"https:\/\/cabocloshousecolodge.com\/expedicoescommerce\/?post_type=product&#038;p=543"},"modified":"2026-04-01T13:26:59","modified_gmt":"2026-04-01T13:26:59","slug":"amazen-lideranca","status":"publish","type":"product","link":"https:\/\/cabocloshousecolodge.com\/expedicoes\/amazen-lideranca\/","title":{"rendered":"Amazen Lideran\u00e7a"},"content":{"rendered":"<p style=\"text-align: center;\">Uma viv\u00eancia guiada por mulheres ribeirinhas que lideram com cora\u00e7\u00e3o e coragem.<\/p>\n<p style=\"text-align: center;\">Uma travessia para mulheres que desejam catalisar seu protagonismo profissional.<\/p>\n<p style=\"text-align: center;\">Al\u00e9m de mergulhar na Amaz\u00f4nia, iremos despertar nossa capacidade de nos expressar com confian\u00e7a, inspiradas pela trajet\u00f3ria de empreendedoras ribeirinhas.<\/p>\n","protected":false},"excerpt":{"rendered":"<p>Uma viv\u00eancia guiada por mulheres ribeirinhas que lideram com cora\u00e7\u00e3o e coragem. Uma travessia para mulheres que desejam catalisar seu protagonismo profissional. Al\u00e9m de mergulhar na Amaz\u00f4nia, iremos despertar nossa capacidade de nos expressar com confian\u00e7a, inspiradas pela trajet\u00f3ria de empreendedoras ribeirinhas.<\/p>\n","protected":false},"featured_media":470,"template":"","meta":{"_acf_changed":false},"product_brand":[],"product_cat":[15],"product_tag":[],"class_list":{"0":"post-543","1":"product","2":"type-product","3":"status-publish","4":"has-post-thumbnail","6":"product_cat-sem-categoria","8":"first","9":"instock","10":"shipping-taxable","11":"purchasable","12":"product-type-variable"},"acf":[],"yoast_head":"<!-- This site is optimized with the Yoast SEO plugin v27.2 - https:\/\/yoast.com\/product\/yoast-seo-wordpress\/ -->\n<title>Amazen Lideran\u00e7a Feminina | Viv\u00eancia Amaz\u00f4nia | Corpus Christi<\/title>\n<meta name=\"description\" content=\"Uma travessia para mulheres que desejam catalisar seu protagonismo profissional. Guiada por mulheres ribeirinhas que lideram com cora\u00e7\u00e3o e coragem.\" \/>\n<meta name=\"robots\" content=\"index, follow, max-snippet:-1, max-image-preview:large, max-video-preview:-1\" \/>\n<link rel=\"canonical\" href=\"https:\/\/cabocloshousecolodge.com\/expedicoes\/amazen-lideranca\/\" \/>\n<meta property=\"og:locale\" content=\"pt_BR\" \/>\n<meta property=\"og:type\" content=\"article\" \/>\n<meta property=\"og:title\" content=\"Amazen Lideran\u00e7a Feminina | Viv\u00eancia Amaz\u00f4nia | Corpus Christi\" \/>\n<meta property=\"og:description\" content=\"Uma travessia para mulheres que desejam catalisar seu protagonismo profissional. Guiada por mulheres ribeirinhas que lideram com cora\u00e7\u00e3o e coragem.\" \/>\n<meta property=\"og:url\" content=\"https:\/\/cabocloshousecolodge.com\/expedicoes\/amazen-lideranca\/\" \/>\n<meta property=\"og:site_name\" content=\"Ecommerce Caboclo\" \/>\n<meta property=\"article:modified_time\" content=\"2026-04-01T13:26:59+00:00\" \/>\n<meta property=\"og:image\" content=\"https:\/\/cabocloshousecolodge.com\/expedicoes\/wp-content\/uploads\/2025\/11\/3.png\" \/>\n\t<meta property=\"og:image:width\" content=\"440\" \/>\n\t<meta property=\"og:image:height\" content=\"440\" \/>\n\t<meta property=\"og:image:type\" content=\"image\/png\" \/>\n<meta name=\"twitter:card\" content=\"summary_large_image\" \/>\n<meta name=\"twitter:label1\" content=\"Est. tempo de leitura\" \/>\n\t<meta name=\"twitter:data1\" content=\"1 minuto\" \/>\n<script type=\"application\/ld+json\" class=\"yoast-schema-graph\">{\"@context\":\"https:\/\/schema.org\",\"@graph\":[{\"@type\":\"WebPage\",\"@id\":\"https:\/\/cabocloshousecolodge.com\/expedicoes\/amazen-lideranca\/\",\"url\":\"https:\/\/cabocloshousecolodge.com\/expedicoes\/amazen-lideranca\/\",\"name\":\"Amazen Lideran\u00e7a Feminina | Viv\u00eancia Amaz\u00f4nia | Corpus Christi\",\"isPartOf\":{\"@id\":\"https:\/\/cabocloshousecolodge.com\/expedicoes\/#website\"},\"primaryImageOfPage\":{\"@id\":\"https:\/\/cabocloshousecolodge.com\/expedicoes\/amazen-lideranca\/#primaryimage\"},\"image\":{\"@id\":\"https:\/\/cabocloshousecolodge.com\/expedicoes\/amazen-lideranca\/#primaryimage\"},\"thumbnailUrl\":\"https:\/\/cabocloshousecolodge.com\/expedicoes\/wp-content\/uploads\/2025\/11\/3.png\",\"datePublished\":\"2025-11-03T19:29:31+00:00\",\"dateModified\":\"2026-04-01T13:26:59+00:00\",\"description\":\"Uma travessia para mulheres que desejam catalisar seu protagonismo profissional. Guiada por mulheres ribeirinhas que lideram com cora\u00e7\u00e3o e coragem.\",\"breadcrumb\":{\"@id\":\"https:\/\/cabocloshousecolodge.com\/expedicoes\/amazen-lideranca\/#breadcrumb\"},\"inLanguage\":\"pt-BR\",\"potentialAction\":[{\"@type\":\"ReadAction\",\"target\":[\"https:\/\/cabocloshousecolodge.com\/expedicoes\/amazen-lideranca\/\"]}]},{\"@type\":\"ImageObject\",\"inLanguage\":\"pt-BR\",\"@id\":\"https:\/\/cabocloshousecolodge.com\/expedicoes\/amazen-lideranca\/#primaryimage\",\"url\":\"https:\/\/cabocloshousecolodge.com\/expedicoes\/wp-content\/uploads\/2025\/11\/3.png\",\"contentUrl\":\"https:\/\/cabocloshousecolodge.com\/expedicoes\/wp-content\/uploads\/2025\/11\/3.png\",\"width\":440,\"height\":440},{\"@type\":\"BreadcrumbList\",\"@id\":\"https:\/\/cabocloshousecolodge.com\/expedicoes\/amazen-lideranca\/#breadcrumb\",\"itemListElement\":[{\"@type\":\"ListItem\",\"position\":1,\"name\":\"Home\",\"item\":\"https:\/\/cabocloshousecolodge.com\/expedicoes\/\"},{\"@type\":\"ListItem\",\"position\":2,\"name\":\"Loja\",\"item\":\"https:\/\/cabocloshousecolodge.com\/expedicoes\/loja\/\"},{\"@type\":\"ListItem\",\"position\":3,\"name\":\"Amazen Lideran\u00e7a\"}]},{\"@type\":\"WebSite\",\"@id\":\"https:\/\/cabocloshousecolodge.com\/expedicoes\/#website\",\"url\":\"https:\/\/cabocloshousecolodge.com\/expedicoes\/\",\"name\":\"Ecommerce Caboclo\",\"description\":\"\",\"potentialAction\":[{\"@type\":\"SearchAction\",\"target\":{\"@type\":\"EntryPoint\",\"urlTemplate\":\"https:\/\/cabocloshousecolodge.com\/expedicoes\/?s={search_term_string}\"},\"query-input\":{\"@type\":\"PropertyValueSpecification\",\"valueRequired\":true,\"valueName\":\"search_term_string\"}}],\"inLanguage\":\"pt-BR\"}]}<\/script>\n<!-- \/ Yoast SEO plugin. -->","yoast_head_json":{"title":"Amazen Lideran\u00e7a Feminina | Viv\u00eancia Amaz\u00f4nia | Corpus Christi","description":"Uma travessia para mulheres que desejam catalisar seu protagonismo profissional. Guiada por mulheres ribeirinhas que lideram com cora\u00e7\u00e3o e coragem.","robots":{"index":"index","follow":"follow","max-snippet":"max-snippet:-1","max-image-preview":"max-image-preview:large","max-video-preview":"max-video-preview:-1"},"canonical":"https:\/\/cabocloshousecolodge.com\/expedicoes\/amazen-lideranca\/","og_locale":"pt_BR","og_type":"article","og_title":"Amazen Lideran\u00e7a Feminina | Viv\u00eancia Amaz\u00f4nia | Corpus Christi","og_description":"Uma travessia para mulheres que desejam catalisar seu protagonismo profissional. Guiada por mulheres ribeirinhas que lideram com cora\u00e7\u00e3o e coragem.","og_url":"https:\/\/cabocloshousecolodge.com\/expedicoes\/amazen-lideranca\/","og_site_name":"Ecommerce Caboclo","article_modified_time":"2026-04-01T13:26:59+00:00","og_image":[{"width":440,"height":440,"url":"https:\/\/cabocloshousecolodge.com\/expedicoes\/wp-content\/uploads\/2025\/11\/3.png","type":"image\/png"}],"twitter_card":"summary_large_image","twitter_misc":{"Est. tempo de leitura":"1 minuto"},"schema":{"@context":"https:\/\/schema.org","@graph":[{"@type":"WebPage","@id":"https:\/\/cabocloshousecolodge.com\/expedicoes\/amazen-lideranca\/","url":"https:\/\/cabocloshousecolodge.com\/expedicoes\/amazen-lideranca\/","name":"Amazen Lideran\u00e7a Feminina | Viv\u00eancia Amaz\u00f4nia | Corpus Christi","isPartOf":{"@id":"https:\/\/cabocloshousecolodge.com\/expedicoes\/#website"},"primaryImageOfPage":{"@id":"https:\/\/cabocloshousecolodge.com\/expedicoes\/amazen-lideranca\/#primaryimage"},"image":{"@id":"https:\/\/cabocloshousecolodge.com\/expedicoes\/amazen-lideranca\/#primaryimage"},"thumbnailUrl":"https:\/\/cabocloshousecolodge.com\/expedicoes\/wp-content\/uploads\/2025\/11\/3.png","datePublished":"2025-11-03T19:29:31+00:00","dateModified":"2026-04-01T13:26:59+00:00","description":"Uma travessia para mulheres que desejam catalisar seu protagonismo profissional. Guiada por mulheres ribeirinhas que lideram com cora\u00e7\u00e3o e coragem.","breadcrumb":{"@id":"https:\/\/cabocloshousecolodge.com\/expedicoes\/amazen-lideranca\/#breadcrumb"},"inLanguage":"pt-BR","potentialAction":[{"@type":"ReadAction","target":["https:\/\/cabocloshousecolodge.com\/expedicoes\/amazen-lideranca\/"]}]},{"@type":"ImageObject","inLanguage":"pt-BR","@id":"https:\/\/cabocloshousecolodge.com\/expedicoes\/amazen-lideranca\/#primaryimage","url":"https:\/\/cabocloshousecolodge.com\/expedicoes\/wp-content\/uploads\/2025\/11\/3.png","contentUrl":"https:\/\/cabocloshousecolodge.com\/expedicoes\/wp-content\/uploads\/2025\/11\/3.png","width":440,"height":440},{"@type":"BreadcrumbList","@id":"https:\/\/cabocloshousecolodge.com\/expedicoes\/amazen-lideranca\/#breadcrumb","itemListElement":[{"@type":"ListItem","position":1,"name":"Home","item":"https:\/\/cabocloshousecolodge.com\/expedicoes\/"},{"@type":"ListItem","position":2,"name":"Loja","item":"https:\/\/cabocloshousecolodge.com\/expedicoes\/loja\/"},{"@type":"ListItem","position":3,"name":"Amazen Lideran\u00e7a"}]},{"@type":"WebSite","@id":"https:\/\/cabocloshousecolodge.com\/expedicoes\/#website","url":"https:\/\/cabocloshousecolodge.com\/expedicoes\/","name":"Ecommerce Caboclo","description":"","potentialAction":[{"@type":"SearchAction","target":{"@type":"EntryPoint","urlTemplate":"https:\/\/cabocloshousecolodge.com\/expedicoes\/?s={search_term_string}"},"query-input":{"@type":"PropertyValueSpecification","valueRequired":true,"valueName":"search_term_string"}}],"inLanguage":"pt-BR"}]}},"_links":{"self":[{"href":"https:\/\/cabocloshousecolodge.com\/expedicoes\/wp-json\/wp\/v2\/product\/543","targetHints":{"allow":["GET"]}}],"collection":[{"href":"https:\/\/cabocloshousecolodge.com\/expedicoes\/wp-json\/wp\/v2\/product"}],"about":[{"href":"https:\/\/cabocloshousecolodge.com\/expedicoes\/wp-json\/wp\/v2\/types\/product"}],"wp:featuredmedia":[{"embeddable":true,"href":"https:\/\/cabocloshousecolodge.com\/expedicoes\/wp-json\/wp\/v2\/media\/470"}],"wp:attachment":[{"href":"https:\/\/cabocloshousecolodge.com\/expedicoes\/wp-json\/wp\/v2\/media?parent=543"}],"wp:term":[{"taxonomy":"product_brand","embeddable":true,"href":"https:\/\/cabocloshousecolodge.com\/expedicoes\/wp-json\/wp\/v2\/product_brand?post=543"},{"taxonomy":"product_cat","embeddable":true,"href":"https:\/\/cabocloshousecolodge.com\/expedicoes\/wp-json\/wp\/v2\/product_cat?post=543"},{"taxonomy":"product_tag","embeddable":true,"href":"https:\/\/cabocloshousecolodge.com\/expedicoes\/wp-json\/wp\/v2\/product_tag?post=543"}],"curies":[{"name":"wp","href":"https:\/\/api.w.org\/{rel}","templated":true}]}}