{"id":15,"date":"2025-10-07T19:30:42","date_gmt":"2025-10-07T19:30:42","guid":{"rendered":"https:\/\/cabocloshousecolodge.com\/expedicoescommerce\/?page_id=15"},"modified":"2025-11-11T00:32:53","modified_gmt":"2025-11-11T00:32:53","slug":"pagina-principal","status":"publish","type":"page","link":"https:\/\/cabocloshousecolodge.com\/expedicoes\/","title":{"rendered":"Expedi\u00e7\u00f5es Amaz\u00f4nia"},"content":{"rendered":"","protected":false},"excerpt":{"rendered":"","protected":false},"author":1,"featured_media":0,"parent":0,"menu_order":0,"comment_status":"closed","ping_status":"closed","template":"","meta":{"_acf_changed":false,"footnotes":""},"class_list":["post-15","page","type-page","status-publish","hentry"],"acf":[],"yoast_head":"<!-- This site is optimized with the Yoast SEO plugin v27.2 - https:\/\/yoast.com\/product\/yoast-seo-wordpress\/ -->\n<title>Expedi\u00e7\u00f5es em grupo na Amaz\u00f4nia, conduzidas por quem vive<\/title>\n<meta name=\"description\" content=\"A Caboclos House \u00e9 seu ponto de partida. Gastronomia, espiritualidade, aventura: a vida ribeirinha \u00e9 nossa protagonista.\" \/>\n<meta name=\"robots\" content=\"index, follow, max-snippet:-1, max-image-preview:large, max-video-preview:-1\" \/>\n<link rel=\"canonical\" href=\"https:\/\/cabocloshousecolodge.com\/expedicoes\/\" \/>\n<meta property=\"og:locale\" content=\"pt_BR\" \/>\n<meta property=\"og:type\" content=\"article\" \/>\n<meta property=\"og:title\" content=\"Expedi\u00e7\u00f5es em grupo na Amaz\u00f4nia, conduzidas por quem vive\" \/>\n<meta property=\"og:description\" content=\"A Caboclos House \u00e9 seu ponto de partida. Gastronomia, espiritualidade, aventura: a vida ribeirinha \u00e9 nossa protagonista.\" \/>\n<meta property=\"og:url\" content=\"https:\/\/cabocloshousecolodge.com\/expedicoes\/\" \/>\n<meta property=\"og:site_name\" content=\"Ecommerce Caboclo\" \/>\n<meta property=\"article:modified_time\" content=\"2025-11-11T00:32:53+00:00\" \/>\n<meta name=\"twitter:card\" content=\"summary_large_image\" \/>\n<script type=\"application\/ld+json\" class=\"yoast-schema-graph\">{\"@context\":\"https:\/\/schema.org\",\"@graph\":[{\"@type\":\"WebPage\",\"@id\":\"https:\/\/cabocloshousecolodge.com\/expedicoes\/\",\"url\":\"https:\/\/cabocloshousecolodge.com\/expedicoes\/\",\"name\":\"Expedi\u00e7\u00f5es em grupo na Amaz\u00f4nia, conduzidas por quem vive\",\"isPartOf\":{\"@id\":\"https:\/\/cabocloshousecolodge.com\/expedicoes\/#website\"},\"datePublished\":\"2025-10-07T19:30:42+00:00\",\"dateModified\":\"2025-11-11T00:32:53+00:00\",\"description\":\"A Caboclos House \u00e9 seu ponto de partida. Gastronomia, espiritualidade, aventura: a vida ribeirinha \u00e9 nossa protagonista.\",\"breadcrumb\":{\"@id\":\"https:\/\/cabocloshousecolodge.com\/expedicoes\/#breadcrumb\"},\"inLanguage\":\"pt-BR\",\"potentialAction\":[{\"@type\":\"ReadAction\",\"target\":[\"https:\/\/cabocloshousecolodge.com\/expedicoes\/\"]}]},{\"@type\":\"BreadcrumbList\",\"@id\":\"https:\/\/cabocloshousecolodge.com\/expedicoes\/#breadcrumb\",\"itemListElement\":[{\"@type\":\"ListItem\",\"position\":1,\"name\":\"Home\",\"item\":\"https:\/\/cabocloshousecolodge.com\/expedicoes\/\"},{\"@type\":\"ListItem\",\"position\":2,\"name\":\"Expedi\u00e7\u00f5es Amaz\u00f4nia\"}]},{\"@type\":\"WebSite\",\"@id\":\"https:\/\/cabocloshousecolodge.com\/expedicoes\/#website\",\"url\":\"https:\/\/cabocloshousecolodge.com\/expedicoes\/\",\"name\":\"Ecommerce Caboclo\",\"description\":\"\",\"potentialAction\":[{\"@type\":\"SearchAction\",\"target\":{\"@type\":\"EntryPoint\",\"urlTemplate\":\"https:\/\/cabocloshousecolodge.com\/expedicoes\/?s={search_term_string}\"},\"query-input\":{\"@type\":\"PropertyValueSpecification\",\"valueRequired\":true,\"valueName\":\"search_term_string\"}}],\"inLanguage\":\"pt-BR\"}]}<\/script>\n<!-- \/ Yoast SEO plugin. -->","yoast_head_json":{"title":"Expedi\u00e7\u00f5es em grupo na Amaz\u00f4nia, conduzidas por quem vive","description":"A Caboclos House \u00e9 seu ponto de partida. Gastronomia, espiritualidade, aventura: a vida ribeirinha \u00e9 nossa protagonista.","robots":{"index":"index","follow":"follow","max-snippet":"max-snippet:-1","max-image-preview":"max-image-preview:large","max-video-preview":"max-video-preview:-1"},"canonical":"https:\/\/cabocloshousecolodge.com\/expedicoes\/","og_locale":"pt_BR","og_type":"article","og_title":"Expedi\u00e7\u00f5es em grupo na Amaz\u00f4nia, conduzidas por quem vive","og_description":"A Caboclos House \u00e9 seu ponto de partida. Gastronomia, espiritualidade, aventura: a vida ribeirinha \u00e9 nossa protagonista.","og_url":"https:\/\/cabocloshousecolodge.com\/expedicoes\/","og_site_name":"Ecommerce Caboclo","article_modified_time":"2025-11-11T00:32:53+00:00","twitter_card":"summary_large_image","schema":{"@context":"https:\/\/schema.org","@graph":[{"@type":"WebPage","@id":"https:\/\/cabocloshousecolodge.com\/expedicoes\/","url":"https:\/\/cabocloshousecolodge.com\/expedicoes\/","name":"Expedi\u00e7\u00f5es em grupo na Amaz\u00f4nia, conduzidas por quem vive","isPartOf":{"@id":"https:\/\/cabocloshousecolodge.com\/expedicoes\/#website"},"datePublished":"2025-10-07T19:30:42+00:00","dateModified":"2025-11-11T00:32:53+00:00","description":"A Caboclos House \u00e9 seu ponto de partida. Gastronomia, espiritualidade, aventura: a vida ribeirinha \u00e9 nossa protagonista.","breadcrumb":{"@id":"https:\/\/cabocloshousecolodge.com\/expedicoes\/#breadcrumb"},"inLanguage":"pt-BR","potentialAction":[{"@type":"ReadAction","target":["https:\/\/cabocloshousecolodge.com\/expedicoes\/"]}]},{"@type":"BreadcrumbList","@id":"https:\/\/cabocloshousecolodge.com\/expedicoes\/#breadcrumb","itemListElement":[{"@type":"ListItem","position":1,"name":"Home","item":"https:\/\/cabocloshousecolodge.com\/expedicoes\/"},{"@type":"ListItem","position":2,"name":"Expedi\u00e7\u00f5es Amaz\u00f4nia"}]},{"@type":"WebSite","@id":"https:\/\/cabocloshousecolodge.com\/expedicoes\/#website","url":"https:\/\/cabocloshousecolodge.com\/expedicoes\/","name":"Ecommerce Caboclo","description":"","potentialAction":[{"@type":"SearchAction","target":{"@type":"EntryPoint","urlTemplate":"https:\/\/cabocloshousecolodge.com\/expedicoes\/?s={search_term_string}"},"query-input":{"@type":"PropertyValueSpecification","valueRequired":true,"valueName":"search_term_string"}}],"inLanguage":"pt-BR"}]}},"_hostinger_reach_plugin_has_subscription_block":false,"_hostinger_reach_plugin_is_elementor":false,"_links":{"self":[{"href":"https:\/\/cabocloshousecolodge.com\/expedicoes\/wp-json\/wp\/v2\/pages\/15","targetHints":{"allow":["GET"]}}],"collection":[{"href":"https:\/\/cabocloshousecolodge.com\/expedicoes\/wp-json\/wp\/v2\/pages"}],"about":[{"href":"https:\/\/cabocloshousecolodge.com\/expedicoes\/wp-json\/wp\/v2\/types\/page"}],"author":[{"embeddable":true,"href":"https:\/\/cabocloshousecolodge.com\/expedicoes\/wp-json\/wp\/v2\/users\/1"}],"replies":[{"embeddable":true,"href":"https:\/\/cabocloshousecolodge.com\/expedicoes\/wp-json\/wp\/v2\/comments?post=15"}],"version-history":[{"count":55,"href":"https:\/\/cabocloshousecolodge.com\/expedicoes\/wp-json\/wp\/v2\/pages\/15\/revisions"}],"predecessor-version":[{"id":748,"href":"https:\/\/cabocloshousecolodge.com\/expedicoes\/wp-json\/wp\/v2\/pages\/15\/revisions\/748"}],"wp:attachment":[{"href":"https:\/\/cabocloshousecolodge.com\/expedicoes\/wp-json\/wp\/v2\/media?parent=15"}],"curies":[{"name":"wp","href":"https:\/\/api.w.org\/{rel}","templated":true}]}}